{"id":223,"date":"2022-10-25T06:58:48","date_gmt":"2022-10-25T06:58:48","guid":{"rendered":"http:\/\/elitesportclub.hu\/?page_id=223"},"modified":"2022-10-25T13:46:59","modified_gmt":"2022-10-25T13:46:59","slug":"bejelentkezes-regisztracio","status":"publish","type":"page","link":"https:\/\/elitesportclub.hu\/en\/bejelentkezes-regisztracio\/","title":{"rendered":"Bejelentkez\u00e9s \/ Regisztr\u00e1ci\u00f3"},"content":{"rendered":"<div id=\"fws_69e16e0489595\"  data-column-margin=\"40px\" data-midnight=\"dark\"  class=\"wpb_row vc_row-fluid vc_row\"  style=\"padding-top: 0px; padding-bottom: 0px; \"><div class=\"row-bg-wrap\" data-bg-animation=\"none\" data-bg-animation-delay=\"\" data-bg-overlay=\"false\"><div class=\"inner-wrap row-bg-layer\" ><div class=\"row-bg viewport-desktop\"  style=\"\"><\/div><\/div><\/div><div class=\"row_col_wrap_12 col span_12 dark left\">\n\t<div style=\"\" class=\"vc_col-sm-6 wpb_column column_container vc_column_container col padding-2-percent inherit_tablet inherit_phone\" data-using-bg=\"true\" data-padding-pos=\"all\" data-has-bg-color=\"true\" data-bg-color=\"#f4f4f4\" data-bg-opacity=\"1\" data-animation=\"\" data-delay=\"0\" >\n\t\t<div class=\"vc_column-inner\" ><div class=\"column-bg-overlay-wrap column-bg-layer\" data-bg-animation=\"none\"><div class=\"column-bg-overlay\" style=\"opacity: 1; background-color: #f4f4f4;\"><\/div><\/div>\n\t\t\t<div class=\"wpb_wrapper\">\n\t\t\t\t\r\n<div class=\"wpb_text_column wpb_content_element\" >\r\n\t<div class=\"wpb_wrapper\">\r\n\t\t<pre><div class='gf_browser_gecko gform_wrapper gf_login_form gravity-theme' id='gform_wrapper_0'><form method='post' id='gform_0' action=\"\"><input type='hidden' name='login_redirect' value='http:\/\/elitesportclub.hu\/idopontfoglalas\/' \/><div class='gform_heading'><h3 class='gform_title'>Login Form<\/h3><\/div><div class='gform_body'><div id='gform_fields_login' class='gform_fields top_label'><div id=\"field_0_1\" class=\"gfield gfield--type-text gfield_contains_required field_sublabel_below gfield--no-description field_description_below field_validation_below gfield_visibility_visible\"  data-js-reload=\"field_0_1\" ><label class='gfield_label gform-field-label' for='input_1'>Username<span class=\"gfield_required\"><span class=\"gfield_required gfield_required_text\">(Required)<\/span><\/span><\/label><div class='ginput_container ginput_container_text'><input name='input_1' id='input_1' type='text' value='' class=''     aria-required=\"true\" aria-invalid=\"false\"   \/><\/div><\/div><div id=\"field_0_2\" class=\"gfield gfield--type-text gfield_contains_required field_sublabel_below gfield--no-description field_description_below field_validation_below gfield_visibility_visible\"  data-js-reload=\"field_0_2\" ><label class='gfield_label gform-field-label' for='input_2'>Password<span class=\"gfield_required\"><span class=\"gfield_required gfield_required_text\">(Required)<\/span><\/span><\/label><div class='ginput_container ginput_container_text'><input name='input_2' id='input_2' type='password' value='' class=''     aria-required=\"true\" aria-invalid=\"false\"   \/><\/div><\/div><div id=\"field_0_3\" class=\"gfield gfield--type-remember_me field_sublabel_below gfield--no-description field_description_below hidden_label field_validation_below gfield_visibility_visible\"  data-js-reload=\"field_0_3\" ><label class='gfield_label gform-field-label screen-reader-text gfield_label_before_complex' ><\/label><div class='ginput_container ginput_container_checkbox'><div class='gfield_checkbox' id='input_3'><div class='gchoice gchoice_3'>\r\n\t\t\t\t\t\t<input class='gfield-choice-input' name='input_3.1' type='checkbox'  value='1'  id='choice_3'   \/>\r\n\t\t\t\t\t\t<label for='choice_3' id='label_3'>Remember Me<\/label>\r\n\t\t\t\t\t<\/div><\/div><\/div><\/div><\/div><\/div>\r\n        <div class='gform_footer top_label'> <input type='submit' id='gform_submit_button_0' class='gform_button button' onclick='gform.submission.handleButtonClick(this);' value='Login'  \/> \r\n            <input type='hidden' class='gform_hidden' name='gform_submission_method' data-js='gform_submission_method_0' value='postback' \/>\r\n            <input type='hidden' class='gform_hidden' name='gform_theme' data-js='gform_theme_0' id='gform_theme_0' value='' \/>\r\n            <input type='hidden' class='gform_hidden' name='gform_style_settings' data-js='gform_style_settings_0' id='gform_style_settings_0' value='' \/>\r\n            <input type='hidden' class='gform_hidden' name='is_submit_0' value='1' \/>\r\n            <input type='hidden' class='gform_hidden' name='gform_submit' value='0' \/>\r\n            \r\n            <input type='hidden' class='gform_hidden' name='gform_unique_id' value='' \/>\r\n            <input type='hidden' class='gform_hidden' name='state_0' value='WyJbXSIsImYxNmU0M2E2OTIwNDYyNzVmMThjYzFiOGE5ZmI2MDY2Il0=' \/>\r\n            <input type='hidden' autocomplete='off' class='gform_hidden' name='gform_target_page_number_0' id='gform_target_page_number_0' value='0' \/>\r\n            <input type='hidden' autocomplete='off' class='gform_hidden' name='gform_source_page_number_0' id='gform_source_page_number_0' value='1' \/>\r\n            <input type='hidden' name='gform_field_values' value='' \/>\r\n            \r\n        <\/div><input type=\"hidden\" name=\"trp-form-language\" value=\"en\"\/><\/form><\/div><nav class=\"gf_login_links\"><a href=\"https:\/\/elitesportclub.hu\/en\/regisztracio\/\" title=\"Regisztr\u00e1ci\u00f3\">Regisztr\u00e1ci\u00f3<\/a><br \/><a href=\"https:\/\/elitesportclub.hu\/wp-login.php?action=lostpassword\" title=\"Elfelejtett jelsz\u00f3\">Elfelejtett jelsz\u00f3<\/a><br \/><\/nav><\/pre>\n\t<\/div>\r\n<\/div>\r\n\r\n\r\n\r\n\n\t\t\t<\/div> \n\t\t<\/div>\n\t<\/div> \n\n\t<div style=\"\" class=\"vc_col-sm-6 wpb_column column_container vc_column_container col padding-3-percent inherit_tablet inherit_phone\" data-using-bg=\"true\" data-padding-pos=\"all\" data-has-bg-color=\"true\" data-bg-color=\"#f4f4f4\" data-bg-opacity=\"1\" data-animation=\"\" data-delay=\"0\" >\n\t\t<div class=\"vc_column-inner\" ><div class=\"column-bg-overlay-wrap column-bg-layer\" data-bg-animation=\"none\"><div class=\"column-bg-overlay\" style=\"opacity: 1; background-color: #f4f4f4;\"><\/div><\/div>\n\t\t\t<div class=\"wpb_wrapper\">\n\t\t\t\t<div class=\"divider-wrap\" data-alignment=\"default\"><div style=\"height: 25px;\" class=\"divider\"><\/div><\/div>\r\n<div class=\"wpb_text_column wpb_content_element\" >\r\n\t<div class=\"wpb_wrapper\">\r\n\t\t<div class=\"gform_heading\">\n<h3 class=\"gform_title\">Regisztr\u00e1ci\u00f3<\/h3>\n<\/div>\n\t<\/div>\r\n<\/div>\r\n\r\n\r\n\r\n<script type=\"text\/javascript\">var gform;gform||(document.addEventListener(\"gform_main_scripts_loaded\",function(){gform.scriptsLoaded=!0}),document.addEventListener(\"gform\/theme\/scripts_loaded\",function(){gform.themeScriptsLoaded=!0}),window.addEventListener(\"DOMContentLoaded\",function(){gform.domLoaded=!0}),gform={domLoaded:!1,scriptsLoaded:!1,themeScriptsLoaded:!1,isFormEditor:()=>\"function\"==typeof InitializeEditor,callIfLoaded:function(o){return!(!gform.domLoaded||!gform.scriptsLoaded||!gform.themeScriptsLoaded&&!gform.isFormEditor()||(gform.isFormEditor()&&console.warn(\"The use of gform.initializeOnLoaded() is deprecated in the form editor context and will be removed in Gravity Forms 3.1.\"),o(),0))},initializeOnLoaded:function(o){gform.callIfLoaded(o)||(document.addEventListener(\"gform_main_scripts_loaded\",()=>{gform.scriptsLoaded=!0,gform.callIfLoaded(o)}),document.addEventListener(\"gform\/theme\/scripts_loaded\",()=>{gform.themeScriptsLoaded=!0,gform.callIfLoaded(o)}),window.addEventListener(\"DOMContentLoaded\",()=>{gform.domLoaded=!0,gform.callIfLoaded(o)}))},hooks:{action:{},filter:{}},addAction:function(o,r,e,t){gform.addHook(\"action\",o,r,e,t)},addFilter:function(o,r,e,t){gform.addHook(\"filter\",o,r,e,t)},doAction:function(o){gform.doHook(\"action\",o,arguments)},applyFilters:function(o){return gform.doHook(\"filter\",o,arguments)},removeAction:function(o,r){gform.removeHook(\"action\",o,r)},removeFilter:function(o,r,e){gform.removeHook(\"filter\",o,r,e)},addHook:function(o,r,e,t,n){null==gform.hooks[o][r]&&(gform.hooks[o][r]=[]);var d=gform.hooks[o][r];null==n&&(n=r+\"_\"+d.length),gform.hooks[o][r].push({tag:n,callable:e,priority:t=null==t?10:t})},doHook:function(r,o,e){var t;if(e=Array.prototype.slice.call(e,1),null!=gform.hooks[r][o]&&((o=gform.hooks[r][o]).sort(function(o,r){return o.priority-r.priority}),o.forEach(function(o){\"function\"!=typeof(t=o.callable)&&(t=window[t]),\"action\"==r?t.apply(null,e):e[0]=t.apply(null,e)})),\"filter\"==r)return e[0]},removeHook:function(o,r,t,n){var e;null!=gform.hooks[o][r]&&(e=(e=gform.hooks[o][r]).filter(function(o,r,e){return!!(null!=n&&n!=o.tag||null!=t&&t!=o.priority)}),gform.hooks[o][r]=e)}});<\/script>\r\n                <div class='gf_browser_gecko gform_wrapper gravity-theme gform-theme--no-framework' data-form-theme='gravity-theme' data-form-index='0' id='gform_wrapper_1' ><form method='post' enctype='multipart\/form-data'  id='gform_1'  action='\/en\/wp-json\/wp\/v2\/pages\/223' data-formid='1' novalidate data-trp-original-action=\"\/en\/wp-json\/wp\/v2\/pages\/223\">\r\n                        <div class='gform-body gform_body'><div id='gform_fields_1' class='gform_fields top_label form_sublabel_below description_below validation_below'><fieldset id=\"field_1_1\" class=\"gfield gfield--type-name gfield_contains_required field_sublabel_below gfield--no-description field_description_below field_validation_below gfield_visibility_visible\"  data-js-reload=\"field_1_1\" ><legend class='gfield_label gform-field-label gfield_label_before_complex' >Name<span class=\"gfield_required\"><span class=\"gfield_required gfield_required_text\">(Required)<\/span><\/span><\/legend><div class='ginput_complex ginput_container ginput_container--name no_prefix has_first_name no_middle_name has_last_name no_suffix gf_name_has_2 ginput_container_name gform-grid-row' id='input_1_1'>\r\n                            \r\n                            <span id='input_1_1_3_container' class='name_first gform-grid-col gform-grid-col--size-auto' >\r\n                                                    <input type='text' name='input_1.3' id='input_1_1_3' value=''   aria-required='true'     \/>\r\n                                                    <label for='input_1_1_3' class='gform-field-label gform-field-label--type-sub'>First<\/label>\r\n                                                <\/span>\r\n                            \r\n                            <span id='input_1_1_6_container' class='name_last gform-grid-col gform-grid-col--size-auto' >\r\n                                                    <input type='text' name='input_1.6' id='input_1_1_6' value=''   aria-required='true'     \/>\r\n                                                    <label for='input_1_1_6' class='gform-field-label gform-field-label--type-sub'>Last<\/label>\r\n                                                <\/span>\r\n                            \r\n                        <\/div><\/fieldset><div id=\"field_1_6\" class=\"gfield gfield--type-username gfield--width-full gfield_contains_required field_sublabel_below gfield--no-description field_description_below field_validation_below gfield_visibility_visible\"  data-js-reload=\"field_1_6\" ><label class='gfield_label gform-field-label' for='input_1_6'>Felhaszn\u00e1l\u00f3n\u00e9v<span class=\"gfield_required\"><span class=\"gfield_required gfield_required_text\">(Required)<\/span><\/span><\/label><div class='ginput_container ginput_container_text'><input name='input_6' id='input_1_6' type='text' value='' class='large'  aria-describedby=\"input_1_6_desc\"   aria-required=\"true\" aria-invalid=\"false\"   \/><\/div><\/div><div id=\"field_1_3\" class=\"gfield gfield--type-email gfield--width-full gfield_contains_required field_sublabel_below gfield--no-description field_description_below field_validation_below gfield_visibility_visible\"  data-js-reload=\"field_1_3\" ><label class='gfield_label gform-field-label' for='input_1_3'>Email<span class=\"gfield_required\"><span class=\"gfield_required gfield_required_text\">(Required)<\/span><\/span><\/label><div class='ginput_container ginput_container_email'>\r\n                            <input name='input_3' id='input_1_3' type='email' value='' class='large'    aria-required=\"true\" aria-invalid=\"false\"  \/>\r\n                        <\/div><\/div><div id=\"field_1_4\" class=\"gfield gfield--type-password gfield--width-full gfield_contains_required field_sublabel_below gfield--no-description field_description_below field_validation_below gfield_visibility_visible\"  data-js-reload=\"field_1_4\" ><label class='gfield_label gform-field-label gfield_label_before_complex' for='input_1_4'>Jelsz\u00f3<span class=\"gfield_required\"><span class=\"gfield_required gfield_required_text\">(Required)<\/span><\/span><\/label><div class='ginput_container ginput_container_password'>\r\n\t\t\t\t\t\t<span id='input_1_4_1_container' class='ginput_password large'>\r\n\t\t\t\t\t\t\t<span class='password_input_container'>\r\n\t\t\t\t\t\t\t<input type='password' name='input_4' id='input_1_4' onkeyup='gformShowPasswordStrength(\"input_1_4\");' onchange='gformShowPasswordStrength(\"input_1_4\");' aria-describedby='input_1_4_strength_indicator' value=''   aria-required=\"true\" aria-invalid=\"false\" \/>\r\n\t\t\t\t\t\t\t\r\n\t\t\t\t\t\t\t<\/span>\r\n\t\t\t\t\t\t<\/span>\r\n\t\t\t\t\t\t<div class='gf_clear gf_clear_complex'><\/div>\r\n\t\t\t\t\t<\/div><div id='input_1_4_strength_indicator' class='gfield_password_strength'  aria-live='assertive' aria-atomic='true'>\r\n\t\t\t\t\t\t\t\t\t\t\t\t\t\t\t\t\t\t\tStrength indicator\r\n\t\t\t\t\t\t\t\t\t\t\t\t\t\t\t\t\t\t<\/div>\r\n\t\t\t\t\t\t\t\t\t\t\t\t\t\t\t\t\t\t<input type='hidden' class='gform_hidden' id='input_1_4_strength' name='input_4_strength' \/><\/div><fieldset id=\"field_1_5\" class=\"gfield gfield--type-consent gfield--type-choice gfield--input-type-consent gfield--width-full field_sublabel_below gfield--no-description field_description_below field_validation_below gfield_visibility_visible\"  data-js-reload=\"field_1_5\" ><legend class='gfield_label gform-field-label gfield_label_before_complex' >Adatv\u00e9delem<\/legend><div class='ginput_container ginput_container_consent'><input name='input_5.1' id='input_1_5_1' type='checkbox' value='1'    aria-invalid=\"false\"   \/> <label class=\"gform-field-label gform-field-label--type-inline gfield_consent_label\" for='input_1_5_1' >Nyilatkozom tov\u00e1bb\u00e1, hogy az <a href=\"#\">adatv\u00e9delmi szab\u00e1lyzatot<\/a> megismertem \u00e9s tudom\u00e1sul vettem.<\/label><input type='hidden' name='input_5.2' value='Nyilatkozom tov\u00e1bb\u00e1, hogy az &lt;a href=&quot;#&quot;&gt;adatv\u00e9delmi szab\u00e1lyzatot&lt;\/a&gt; megismertem \u00e9s tudom\u00e1sul vettem.' class='gform_hidden' \/><input type='hidden' name='input_5.3' value='1' class='gform_hidden' \/><\/div><\/fieldset><\/div><\/div>\r\n        <div class='gform-footer gform_footer top_label'> <input type='submit' id='gform_submit_button_1' class='gform_button button' onclick='gform.submission.handleButtonClick(this);' value='Elk\u00fcld'  \/> \r\n            <input type='hidden' class='gform_hidden' name='gform_submission_method' data-js='gform_submission_method_1' value='postback' \/>\r\n            <input type='hidden' class='gform_hidden' name='gform_theme' data-js='gform_theme_1' id='gform_theme_1' value='gravity-theme' \/>\r\n            <input type='hidden' class='gform_hidden' name='gform_style_settings' data-js='gform_style_settings_1' id='gform_style_settings_1' value='' \/>\r\n            <input type='hidden' class='gform_hidden' name='is_submit_1' value='1' \/>\r\n            <input type='hidden' class='gform_hidden' name='gform_submit' value='1' \/>\r\n            \r\n            <input type='hidden' class='gform_hidden' name='gform_unique_id' value='' \/>\r\n            <input type='hidden' class='gform_hidden' name='state_1' value='WyJ7XCI1LjFcIjpcImEyZjgyM2NhNzY5ZTAzMWE3NjU1ZjliNmJmNzRjZGJjXCIsXCI1LjJcIjpcIjY3YTMxMzc0NGI5NzQ1MzlkNmFhM2Q2YjIyMDQyZjViXCIsXCI1LjNcIjpcImEyZjgyM2NhNzY5ZTAzMWE3NjU1ZjliNmJmNzRjZGJjXCJ9IiwiMWMzMDcxYmM0YTI5ZWIxNmY1MzdhZGY3ZjdhNTAwZTIiXQ==' \/>\r\n            <input type='hidden' autocomplete='off' class='gform_hidden' name='gform_target_page_number_1' id='gform_target_page_number_1' value='0' \/>\r\n            <input type='hidden' autocomplete='off' class='gform_hidden' name='gform_source_page_number_1' id='gform_source_page_number_1' value='1' \/>\r\n            <input type='hidden' name='gform_field_values' value='' \/>\r\n            \r\n        <\/div>\r\n                        <input type=\"hidden\" name=\"trp-form-language\" value=\"en\"\/><\/form>\r\n                        <\/div><script type=\"text\/javascript\">\n\/* <![CDATA[ *\/\n gform.initializeOnLoaded( function() {gformInitSpinner( 1, 'https:\/\/elitesportclub.hu\/wp-content\/plugins\/gravityforms\/images\/spinner.svg', true );jQuery('#gform_ajax_frame_1').on('load',function(){var contents = jQuery(this).contents().find('*').html();var is_postback = contents.indexOf('GF_AJAX_POSTBACK') >= 0;if(!is_postback){return;}var form_content = jQuery(this).contents().find('#gform_wrapper_1');var is_confirmation = jQuery(this).contents().find('#gform_confirmation_wrapper_1').length > 0;var is_redirect = contents.indexOf('gformRedirect(){') >= 0;var is_form = form_content.length > 0 && ! is_redirect && ! is_confirmation;var mt = parseInt(jQuery('html').css('margin-top'), 10) + parseInt(jQuery('body').css('margin-top'), 10) + 100;if(is_form){jQuery('#gform_wrapper_1').html(form_content.html());if(form_content.hasClass('gform_validation_error')){jQuery('#gform_wrapper_1').addClass('gform_validation_error');} else {jQuery('#gform_wrapper_1').removeClass('gform_validation_error');}setTimeout( function() { \/* delay the scroll by 50 milliseconds to fix a bug in chrome *\/  }, 50 );if(window['gformInitDatepicker']) {gformInitDatepicker();}if(window['gformInitPriceFields']) {gformInitPriceFields();}var current_page = jQuery('#gform_source_page_number_1').val();gformInitSpinner( 1, 'https:\/\/elitesportclub.hu\/wp-content\/plugins\/gravityforms\/images\/spinner.svg', true );jQuery(document).trigger('gform_page_loaded', [1, current_page]);window['gf_submitting_1'] = false;}else if(!is_redirect){var confirmation_content = jQuery(this).contents().find('.GF_AJAX_POSTBACK').html();if(!confirmation_content){confirmation_content = contents;}jQuery('#gform_wrapper_1').replaceWith(confirmation_content);jQuery(document).trigger('gform_confirmation_loaded', [1]);window['gf_submitting_1'] = false;wp.a11y.speak(jQuery('#gform_confirmation_message_1').text());}else{jQuery('#gform_1').append(contents);if(window['gformRedirect']) {gformRedirect();}}jQuery(document).trigger(\"gform_pre_post_render\", [{ formId: \"1\", currentPage: \"current_page\", abort: function() { this.preventDefault(); } }]);                if (event && event.defaultPrevented) {                return;         }        const gformWrapperDiv = document.getElementById( \"gform_wrapper_1\" );        if ( gformWrapperDiv ) {            const visibilitySpan = document.createElement( \"span\" );            visibilitySpan.id = \"gform_visibility_test_1\";            gformWrapperDiv.insertAdjacentElement( \"afterend\", visibilitySpan );        }        const visibilityTestDiv = document.getElementById( \"gform_visibility_test_1\" );        let postRenderFired = false;                function triggerPostRender() {            if ( postRenderFired ) {                return;            }            postRenderFired = true;            jQuery( document ).trigger( 'gform_post_render', [1, current_page] );            gform.utils.trigger( { event: 'gform\/postRender', native: false, data: { formId: 1, currentPage: current_page } } );            gform.utils.trigger( { event: 'gform\/post_render', native: false, data: { formId: 1, currentPage: current_page } } );            if ( visibilityTestDiv ) {                visibilityTestDiv.parentNode.removeChild( visibilityTestDiv );            }        }        function debounce( func, wait, immediate ) {            var timeout;            return function() {                var context = this, args = arguments;                var later = function() {                    timeout = null;                    if ( !immediate ) func.apply( context, args );                };                var callNow = immediate && !timeout;                clearTimeout( timeout );                timeout = setTimeout( later, wait );                if ( callNow ) func.apply( context, args );            };        }        const debouncedTriggerPostRender = debounce( function() {            triggerPostRender();        }, 200 );        if ( visibilityTestDiv && visibilityTestDiv.offsetParent === null ) {            const observer = new MutationObserver( ( mutations ) => {                mutations.forEach( ( mutation ) => {                    if ( mutation.type === 'attributes' && visibilityTestDiv.offsetParent !== null ) {                        debouncedTriggerPostRender();                        observer.disconnect();                    }                });            });            observer.observe( document.body, {                attributes: true,                childList: false,                subtree: true,                attributeFilter: [ 'style', 'class' ],            });        } else {            triggerPostRender();        }    } );} ); \n\/* ]]> *\/\n<\/script>\n\n\t\t\t<\/div> \n\t\t<\/div>\n\t<\/div> \n<\/div><\/div>","protected":false},"excerpt":{"rendered":"Login FormUsername(Required)Password(Required) Remember Me Regisztr\u00e1ci\u00f3Elfelejtett jelsz\u00f3 Regisztr\u00e1ci\u00f3 N\u00e9v(Required) First Last Felhaszn\u00e1l\u00f3n\u00e9v(Required)Email(Required) Jelsz\u00f3(Required) Strength indicator Adatv\u00e9delem Nyilatkozom tov\u00e1bb\u00e1, hogy az adatv\u00e9delmi szab\u00e1lyzatot megismertem \u00e9s tudom\u00e1sul vettem.","protected":false},"author":3,"featured_media":0,"parent":0,"menu_order":0,"comment_status":"closed","ping_status":"closed","template":"","meta":{"inline_featured_image":false,"footnotes":""},"class_list":["post-223","page","type-page","status-publish"],"_links":{"self":[{"href":"https:\/\/elitesportclub.hu\/en\/wp-json\/wp\/v2\/pages\/223","targetHints":{"allow":["GET"]}}],"collection":[{"href":"https:\/\/elitesportclub.hu\/en\/wp-json\/wp\/v2\/pages"}],"about":[{"href":"https:\/\/elitesportclub.hu\/en\/wp-json\/wp\/v2\/types\/page"}],"author":[{"embeddable":true,"href":"https:\/\/elitesportclub.hu\/en\/wp-json\/wp\/v2\/users\/3"}],"replies":[{"embeddable":true,"href":"https:\/\/elitesportclub.hu\/en\/wp-json\/wp\/v2\/comments?post=223"}],"version-history":[{"count":2,"href":"https:\/\/elitesportclub.hu\/en\/wp-json\/wp\/v2\/pages\/223\/revisions"}],"predecessor-version":[{"id":248,"href":"https:\/\/elitesportclub.hu\/en\/wp-json\/wp\/v2\/pages\/223\/revisions\/248"}],"wp:attachment":[{"href":"https:\/\/elitesportclub.hu\/en\/wp-json\/wp\/v2\/media?parent=223"}],"curies":[{"name":"wp","href":"https:\/\/api.w.org\/{rel}","templated":true}]}}