{"id":226,"date":"2022-10-25T08:37:34","date_gmt":"2022-10-25T08:37:34","guid":{"rendered":"http:\/\/elitesportclub.hu\/?page_id=226"},"modified":"2026-01-18T21:19:07","modified_gmt":"2026-01-18T20:19:07","slug":"idopontfoglalas","status":"publish","type":"page","link":"https:\/\/elitesportclub.hu\/en\/idopontfoglalas\/","title":{"rendered":"Booking Appointments"},"content":{"rendered":"<div id=\"fws_69e12261cbbc6\"  data-column-margin=\"default\" data-midnight=\"dark\"  class=\"wpb_row vc_row-fluid vc_row\"  style=\"padding-top: 0px; padding-bottom: 300px; \"><div class=\"row-bg-wrap\" data-bg-animation=\"none\" data-bg-animation-delay=\"\" data-bg-overlay=\"false\"><div class=\"inner-wrap row-bg-layer\" ><div class=\"row-bg viewport-desktop\"  style=\"\"><\/div><\/div><\/div><div class=\"row_col_wrap_12 col span_12 dark left\">\n\t<div  class=\"vc_col-sm-2 wpb_column column_container vc_column_container col no-extra-padding inherit_tablet inherit_phone\"  data-padding-pos=\"all\" data-has-bg-color=\"false\" data-bg-color=\"\" data-bg-opacity=\"1\" data-animation=\"\" data-delay=\"0\" >\n\t\t<div class=\"vc_column-inner\" >\n\t\t\t<div class=\"wpb_wrapper\">\n\t\t\t\t\n\t\t\t<\/div> \n\t\t<\/div>\n\t<\/div> \n\n\t<div  class=\"vc_col-sm-8 wpb_column column_container vc_column_container col no-extra-padding inherit_tablet inherit_phone\"  data-padding-pos=\"all\" data-has-bg-color=\"false\" data-bg-color=\"\" data-bg-opacity=\"1\" data-animation=\"\" data-delay=\"0\" >\n\t\t<div class=\"vc_column-inner\" >\n\t\t\t<div class=\"wpb_wrapper\">\n\t\t\t\t\r\n<div class=\"wpb_text_column wpb_content_element\" >\r\n\t<div class=\"wpb_wrapper\">\r\n\t\t<h2 style=\"text-align: center;\">Booking Appointments<\/h2>\n\t<\/div>\r\n<\/div>\r\n\r\n\r\n\r\n\r\n<div class=\"wpb_text_column wpb_content_element\" >\r\n\t<div class=\"wpb_wrapper\">\r\n\t\t<h5 style=\"text-align: center;\">Wear of replacement shoes is mandatory!<\/h5>\n\t<\/div>\r\n<\/div>\r\n\r\n\r\n\r\n\r\n<div class=\"wpb_text_column wpb_content_element\" >\r\n\t<div class=\"wpb_wrapper\">\r\n\t\t<!--\r\nPlugin Name: Bookly \u2013 Responsive WordPress Appointment Booking and Scheduling Plugin\r\nPlugin URI: https:\/\/www.booking-wp-plugin.com\/?utm_source=bookly_admin&utm_medium=plugins_page&utm_campaign=plugins_page\r\nVersion: 24.9-->\r\n<style type=\"text\/css\">\r\n    :root {\r\n        --bookly-main-color: #eccf8b !important;\r\n        --bookly-color: #eccf8b !important;\r\n    }\r\n\r\n    <\/style><div class=\"bookly-css-root\">\r\n    <div id=\"bookly-form-69e12261cd128\" class=\"bookly-form\" data-form_id=\"69e12261cd128\" aria-live=\"polite\">\r\n        <div style=\"text-align: center\"><img decoding=\"async\" src=\"https:\/\/elitesportclub.hu\/wp-includes\/js\/tinymce\/skins\/lightgray\/img\/loader.gif\" alt=\"Loading...\"\/><\/div>\r\n    <\/div>\r\n<\/div>\r\n<script type=\"text\/javascript\">\r\n    (function (win, fn) {\r\n        var done = false, top = true,\r\n            doc = win.document,\r\n            root = doc.documentElement,\r\n            modern = doc.addEventListener,\r\n            add = modern ? 'addEventListener' : 'attachEvent',\r\n            rem = modern ? 'removeEventListener' : 'detachEvent',\r\n            pre = modern ? '' : 'on',\r\n            init = function (e) {\r\n                if (e.type == 'readystatechange') if (doc.readyState != 'complete') return;\r\n                (e.type == 'load' ? win : doc)[rem](pre + e.type, init, false);\r\n                if (!done) {\r\n                    done = true;\r\n                    fn.call(win, e.type || e);\r\n                }\r\n            },\r\n            poll = function () {\r\n                try {\r\n                    root.doScroll('left');\r\n                } catch (e) {\r\n                    setTimeout(poll, 50);\r\n                    return;\r\n                }\r\n                init('poll');\r\n            };\r\n        if (doc.readyState == 'complete') fn.call(win, 'lazy');\r\n        else {\r\n            if (!modern) if (root.doScroll) {\r\n                try {\r\n                    top = !win.frameElement;\r\n                } catch (e) {\r\n                }\r\n                if (top) poll();\r\n            }\r\n            doc[add](pre + 'DOMContentLoaded', init, false);\r\n            doc[add](pre + 'readystatechange', init, false);\r\n            win[add](pre + 'load', init, false);\r\n        }\r\n    })(window, function () {\r\n        window.bookly( {\"form_id\":\"69e12261cd128\",\"status\":{\"booking\":\"new\"},\"skip_steps\":{\"service_part1\":0,\"service_part2\":0,\"extras\":1,\"time\":0,\"repeat\":1,\"cart\":1},\"errors\":{\"session_error\":\"Session error.\",\"form_id_error\":\"Form ID error.\",\"cart_item_not_available\":\"Hopp\\u00e1\\u00e1\\u00e1\\u00e1\\u00e1! A kiv\\u00e1lasztott id\\u0151pont m\\u00e1r nem el\\u00e9rhet\\u0151. K\\u00e9rlek v\\u00e1lassz m\\u00e1sikat!\",\"pay_locally_not_available\":\"Pay locally is not available.\",\"invalid_gateway\":\"Invalid gateway.\",\"payment_error\":\"Error.\",\"incorrect_username_password\":\"Incorrect username or password.\"},\"form_attributes\":{\"hide_categories\":true,\"hide_services\":false,\"hide_staff_members\":true,\"show_number_of_persons\":false,\"hide_service_duration\":true,\"hide_locations\":true,\"hide_quantity\":false,\"hide_date\":false,\"hide_week_days\":true,\"hide_time_range\":false},\"use_client_time_zone\":1,\"defaults\":{\"service_id\":0,\"staff_id\":0,\"location_id\":0,\"category_id\":0},\"datepicker_mode\":\"text-accent\",\"facebook\":{\"enabled\":0,\"appId\":\"\"}} );\r\n    });\r\n<\/script>\n\t<\/div>\r\n<\/div>\r\n\r\n\r\n\r\n\n\t\t\t<\/div> \n\t\t<\/div>\n\t<\/div> \n\n\t<div  class=\"vc_col-sm-2 wpb_column column_container vc_column_container col no-extra-padding inherit_tablet inherit_phone\"  data-padding-pos=\"all\" data-has-bg-color=\"false\" data-bg-color=\"\" data-bg-opacity=\"1\" data-animation=\"\" data-delay=\"0\" >\n\t\t<div class=\"vc_column-inner\" >\n\t\t\t<div class=\"wpb_wrapper\">\n\t\t\t\t\n\t\t\t<\/div> \n\t\t<\/div>\n\t<\/div> \n<\/div><\/div>","protected":false},"excerpt":{"rendered":"Id\u0151pontfoglal\u00e1s A v\u00e1lt\u00f3cip\u0151 haszn\u00e1lata k\u00f6telez\u0151!","protected":false},"author":3,"featured_media":0,"parent":0,"menu_order":0,"comment_status":"closed","ping_status":"closed","template":"","meta":{"inline_featured_image":false,"footnotes":""},"class_list":["post-226","page","type-page","status-publish"],"_links":{"self":[{"href":"https:\/\/elitesportclub.hu\/en\/wp-json\/wp\/v2\/pages\/226","targetHints":{"allow":["GET"]}}],"collection":[{"href":"https:\/\/elitesportclub.hu\/en\/wp-json\/wp\/v2\/pages"}],"about":[{"href":"https:\/\/elitesportclub.hu\/en\/wp-json\/wp\/v2\/types\/page"}],"author":[{"embeddable":true,"href":"https:\/\/elitesportclub.hu\/en\/wp-json\/wp\/v2\/users\/3"}],"replies":[{"embeddable":true,"href":"https:\/\/elitesportclub.hu\/en\/wp-json\/wp\/v2\/comments?post=226"}],"version-history":[{"count":32,"href":"https:\/\/elitesportclub.hu\/en\/wp-json\/wp\/v2\/pages\/226\/revisions"}],"predecessor-version":[{"id":386,"href":"https:\/\/elitesportclub.hu\/en\/wp-json\/wp\/v2\/pages\/226\/revisions\/386"}],"wp:attachment":[{"href":"https:\/\/elitesportclub.hu\/en\/wp-json\/wp\/v2\/media?parent=226"}],"curies":[{"name":"wp","href":"https:\/\/api.w.org\/{rel}","templated":true}]}}