{"id":30,"date":"2022-06-26T13:52:41","date_gmt":"2022-06-26T13:52:41","guid":{"rendered":"http:\/\/elitesportclub.hu\/?page_id=30"},"modified":"2026-01-18T21:16:38","modified_gmt":"2026-01-18T20:16:38","slug":"foglalas","status":"publish","type":"page","link":"https:\/\/elitesportclub.hu\/en\/foglalas\/","title":{"rendered":"Reservation"},"content":{"rendered":"<div id=\"fws_69e1108bddfaa\"  data-column-margin=\"default\" data-midnight=\"light\"  class=\"wpb_row vc_row-fluid vc_row full-width-content vc_row-o-full-height vc_row-o-columns-stretch vc_row-o-equal-height vc_row-flex vc_row-o-content-middle\"  style=\"padding-top: 0px; padding-bottom: 0px; \"><div class=\"row-bg-wrap\" data-bg-animation=\"none\" data-bg-animation-delay=\"\" data-bg-overlay=\"false\"><div class=\"inner-wrap row-bg-layer\" ><div class=\"row-bg viewport-desktop using-bg-color\"  style=\"background-color: #495057; \"><\/div><\/div><\/div><div class=\"row_col_wrap_12 col span_12 light left\">\n\t<div  class=\"vc_col-sm-6 wpb_column column_container vc_column_container col padding-8-percent top_margin_phone_5pct bottom_margin_phone_5pct inherit_tablet inherit_phone\"  data-padding-pos=\"all\" data-has-bg-color=\"false\" data-bg-color=\"\" data-bg-opacity=\"1\" data-animation=\"\" data-delay=\"0\" >\n\t\t<div class=\"vc_column-inner\" >\n\t\t\t<div class=\"wpb_wrapper\">\n\t\t\t\t<div id=\"fws_69e1108bde83a\" data-midnight=\"\" data-column-margin=\"default\" class=\"wpb_row vc_row-fluid vc_row inner_row\"  style=\"\"><div class=\"row-bg-wrap\"> <div class=\"row-bg\" ><\/div> <\/div><div class=\"row_col_wrap_12_inner col span_12  left\">\n\t<div  class=\"vc_col-sm-12 wpb_column column_container vc_column_container col child_column has-animation no-extra-padding inherit_tablet inherit_phone\"   data-padding-pos=\"all\" data-has-bg-color=\"false\" data-bg-color=\"\" data-bg-opacity=\"1\" data-animation=\"fade-in-from-bottom\" data-delay=\"0\" >\n\t\t<div class=\"vc_column-inner\" >\n\t\t<div class=\"wpb_wrapper\">\n\t\t\t<h6 style=\"color: #eccf8b;text-align: left\" class=\"vc_custom_heading vc_do_custom_heading vc_custom_1656846161558\" >BOOKING SYSTEM<\/h6>\n\t\t<\/div> \n\t<\/div>\n\t<\/div> \n<\/div><\/div><div id=\"fws_69e1108bdf5e8\" data-midnight=\"\" data-column-margin=\"default\" class=\"wpb_row vc_row-fluid vc_row inner_row\"  style=\"\"><div class=\"row-bg-wrap\"> <div class=\"row-bg\" ><\/div> <\/div><div class=\"row_col_wrap_12_inner col span_12  left\">\n\t<div  class=\"vc_col-sm-12 wpb_column column_container vc_column_container col child_column has-animation no-extra-padding inherit_tablet inherit_phone\"   data-padding-pos=\"all\" data-has-bg-color=\"false\" data-bg-color=\"\" data-bg-opacity=\"1\" data-animation=\"fade-in-from-bottom\" data-delay=\"100\" >\n\t\t<div class=\"vc_column-inner\" >\n\t\t<div class=\"wpb_wrapper\">\n\t\t\t<h2 style=\"line-height: 1.2em;text-align: left\" class=\"vc_custom_heading vc_do_custom_heading\" >Simulator rental:<\/h2>\n\t\t<\/div> \n\t<\/div>\n\t<\/div> \n<\/div><\/div><div class=\"divider-wrap\" data-alignment=\"default\"><div style=\"height: 60px;\" class=\"divider\"><\/div><\/div><div class=\"nectar-icon-list\" data-icon-color=\"accent-color\" data-icon-style=\"border\" data-columns=\"3\" data-direction=\"vertical\" data-icon-size=\"medium\" data-animate=\"\"><div class=\"nectar-icon-list-item\"><div class=\"list-icon-holder\" data-icon_type=\"icon\"><span class=\"im-icon-wrap\" data-color=\"accent-color\"><span><svg role=\"presentation\" version=\"1.1\" xmlns=\"http:\/\/www.w3.org\/2000\/svg\" width=\"32\" height=\"32\" viewbox=\"0 0 32 32\">\r\n        <path d=\"M4 27.9c-2.131 0-4-2.047-4-4.381 0-0.223 0.528-7.125 0.756-10.083 0.475-2.92 2.904-4.919 5.911-4.919 1.080 0 2.623 0.18 3.825 1.667h11.016c1.203-1.487 2.745-1.667 3.825-1.667 3.020 0 5.363 1.824 5.88 4.556 0.025 0.060 0.039 0.125 0.044 0.195 0.223 3.064 0.743 10.22 0.743 10.441 0 2.272-1.831 4.191-4 4.191-1.904 0-3.143-0.696-3.687-2.076-0.005-0.012-0.011-0.024-0.016-0.035l-1.397-3.128c-0.593 0.351-1.333 0.523-2.232 0.523-1.683 0-3.177-0.955-3.751-2.333h-1.831c-0.585 1.472-2.111 2.525-3.753 2.525-0.925 0-1.689-0.388-2.248-0.812l-1.379 3.219c-0.005 0.013-0.012 0.027-0.019 0.039-0.543 1.377-1.781 2.079-3.688 2.079zM6.667 9.851c-2.34 0-4.227 1.54-4.588 3.745-0.291 3.8-0.736 9.644-0.745 9.936 0 1.396 1.165 3.032 2.667 3.032 1.767 0 2.245-0.684 2.465-1.28 0.012-0.032 0.027-0.064 0.044-0.093l1.724-4.025c0.089-0.211 0.281-0.361 0.507-0.396 0.229-0.039 0.453 0.045 0.605 0.217 0.28 0.315 1.033 1.053 1.989 1.053 1.347 0 2.388-1.023 2.616-2.007 0.071-0.304 0.34-0.517 0.649-0.517h2.801c0.309 0 0.58 0.215 0.648 0.517 0.245 1.053 1.344 1.816 2.617 1.816 0.937 0 1.568-0.221 1.989-0.695 0.148-0.169 0.373-0.252 0.599-0.217 0.224 0.033 0.417 0.18 0.508 0.388l1.724 3.856c0.019 0.033 0.035 0.071 0.049 0.107 0.22 0.595 0.697 1.279 2.464 1.279 1.42 0 2.667-1.335 2.667-2.857-0.008-0.275-0.437-6.201-0.727-10.205-0.008-0.024-0.013-0.049-0.019-0.075-0.349-2.139-2.195-3.576-4.588-3.576-1.401 0-2.256 0.403-2.948 1.384-0.125 0.177-0.328 0.283-0.544 0.283h-11.68c-0.217 0-0.42-0.105-0.545-0.283-0.693-0.987-1.548-1.387-2.949-1.387zM8 16.851h-4c-0.368 0-0.667-0.299-0.667-0.667 0-0.367 0.299-0.667 0.667-0.667h4c0.368 0 0.667 0.3 0.667 0.667 0 0.368-0.3 0.667-0.667 0.667zM6 18.851c-0.368 0-0.667-0.299-0.667-0.667v-4c0-0.367 0.299-0.667 0.667-0.667s0.667 0.3 0.667 0.667v4c0 0.368-0.3 0.667-0.667 0.667zM24 14.184c0 0.737-0.597 1.333-1.333 1.333s-1.333-0.597-1.333-1.333c0-0.737 0.597-1.333 1.333-1.333s1.333 0.597 1.333 1.333zM28 14.184c0 0.737-0.597 1.333-1.333 1.333s-1.333-0.597-1.333-1.333c0-0.737 0.597-1.333 1.333-1.333s1.333 0.597 1.333 1.333zM24 18.184c0 0.737-0.597 1.333-1.333 1.333s-1.333-0.597-1.333-1.333c0-0.737 0.597-1.333 1.333-1.333s1.333 0.597 1.333 1.333zM28 18.184c0 0.737-0.597 1.333-1.333 1.333s-1.333-0.597-1.333-1.333c0-0.737 0.597-1.333 1.333-1.333s1.333 0.597 1.333 1.333zM14.667 16.851h-1.333c-0.368 0-0.667-0.299-0.667-0.667 0-0.367 0.299-0.667 0.667-0.667h1.333c0.368 0 0.667 0.3 0.667 0.667 0 0.368-0.3 0.667-0.667 0.667zM18.667 16.851h-1.333c-0.368 0-0.667-0.299-0.667-0.667 0-0.367 0.299-0.667 0.667-0.667h1.333c0.367 0 0.667 0.3 0.667 0.667 0 0.368-0.3 0.667-0.667 0.667zM15.333 11.517c-0.368 0-0.667-0.299-0.667-0.667 0-1.972 0.496-2.679 0.933-3.301 0.393-0.56 0.733-1.044 0.733-2.783 0-0.368 0.299-0.667 0.667-0.667 0.367 0 0.667 0.299 0.667 0.667 0 2.16-0.52 2.897-0.975 3.549-0.371 0.528-0.692 0.984-0.692 2.535 0 0.368-0.3 0.667-0.667 0.667z\"><\/path>\r\n        <\/svg><\/span><\/span><\/div><div class=\"content\"><h4>1 hour \/ 15.000 Ft<\/h4>\/ simulator<\/div><\/div><div class=\"nectar-icon-list-item\"><div class=\"list-icon-holder\" data-icon_type=\"icon\"><span class=\"im-icon-wrap\" data-color=\"accent-color\"><span><svg role=\"presentation\" version=\"1.1\" xmlns=\"http:\/\/www.w3.org\/2000\/svg\" width=\"32\" height=\"32\" viewbox=\"0 0 32 32\">\r\n        <path d=\"M12.491 7.667c5.889 0 10.667 4.776 10.667 10.667s-4.776 10.667-10.667 10.667c-5.891 0-10.667-4.776-10.667-10.667s4.776-10.667 10.667-10.667zM12.491 6.333c-6.616 0-12 5.383-12 12s5.384 12 12 12c6.616 0 12-5.383 12-12s-5.384-12-12-12v0zM28.489 19c-0.367 0-0.667-0.3-0.667-0.667 0-8.455-6.877-15.333-15.333-15.333-0.368 0-0.667-0.3-0.667-0.667s0.299-0.667 0.667-0.667c9.191 0 16.667 7.476 16.667 16.667 0 0.367-0.299 0.667-0.667 0.667zM28.489 19.333c-0.203 0-0.393-0.091-0.524-0.251l-3.456-4.333c-0.232-0.289-0.185-0.707 0.104-0.937 0.287-0.227 0.708-0.184 0.935 0.107l2.789 3.495 1.901-4.049c0.159-0.336 0.555-0.477 0.885-0.323 0.333 0.159 0.476 0.555 0.32 0.888l-2.355 5.021c-0.099 0.209-0.3 0.355-0.528 0.379-0.020 0.003-0.045 0.004-0.072 0.004zM12.491 19c-0.171 0-0.341-0.065-0.472-0.195-0.26-0.257-0.26-0.683 0-0.943l5.333-5.333c0.26-0.257 0.683-0.257 0.943 0 0.26 0.26 0.26 0.685 0 0.943l-5.333 5.333c-0.129 0.129-0.3 0.195-0.471 0.195zM12.491 19c-0.171 0-0.341-0.065-0.472-0.195l-4-4c-0.26-0.257-0.26-0.683 0-0.943 0.26-0.257 0.683-0.257 0.943 0l4 4c0.26 0.26 0.26 0.685 0 0.943-0.129 0.129-0.3 0.195-0.471 0.195z\"><\/path>\r\n        <\/svg><\/span><\/span><\/div><div class=\"content\"><h4>Opening hours<\/h4>Monday \u2013 Sunday \u2013 9:00 a.m. \u2013 9:00 p.m.<\/div><\/div><\/div><div class=\"divider-wrap\" data-alignment=\"default\"><div style=\"height: 60px;\" class=\"divider\"><\/div><\/div><a class=\"nectar-button jumbo regular extra-color-3  regular-button\"  role=\"button\" style=\"color: #000000; \" target=\"_blank\" href=\"http:\/\/elitesportclub.hu\/en\/idopontfoglalas\/\" data-color-override=\"false\" data-hover-color-override=\"false\" data-hover-text-color-override=\"#fff\"><span>Online Booking<\/span><\/a><div class=\"divider-wrap\" data-alignment=\"default\"><div style=\"height: 10px;\" class=\"divider\"><\/div><\/div><h6 style=\"color: #eccf8b;text-align: left\" class=\"vc_custom_heading vc_do_custom_heading vc_custom_1768767356133\" >Wear of replacement shoes is mandatory!<\/h6>\n\t\t\t<\/div> \n\t\t<\/div>\n\t<\/div> \n\n\t<div style=\"\" class=\"vc_col-sm-6 wpb_column column_container vc_column_container col has-animation no-extra-padding inherit_tablet inherit_phone\" data-using-bg=\"true\" data-bg-cover=\"true\" data-padding-pos=\"all\" data-has-bg-color=\"false\" data-bg-color=\"\" data-bg-opacity=\"1\" data-animation=\"fade-in-from-left\" data-delay=\"300\" >\n\t\t<div class=\"vc_column-inner\" ><div class=\"column-image-bg-wrap column-bg-layer viewport-desktop\" data-bg-pos=\"center center\" data-bg-animation=\"none\" data-bg-overlay=\"false\"><div class=\"inner-wrap\"><div class=\"column-image-bg\" style=\" background-image: url('https:\/\/elitesportclub.hu\/wp-content\/uploads\/2022\/06\/BW7A1704.jpg'); \"><\/div><\/div><\/div>\n\t\t\t<div class=\"wpb_wrapper\">\n\t\t\t\t\n\t\t\t<\/div> \n\t\t<\/div>\n\t<\/div> \n<\/div><\/div>\r\n\t\t<div id=\"fws_69e1108be1ede\"  data-column-margin=\"default\" data-midnight=\"dark\"  class=\"wpb_row vc_row-fluid vc_row full-width-section\"  style=\"padding-top: 60px; padding-bottom: 60px; \"><div class=\"row-bg-wrap\" data-bg-animation=\"none\" data-bg-animation-delay=\"\" data-bg-overlay=\"false\"><div class=\"inner-wrap row-bg-layer\" ><div class=\"row-bg viewport-desktop\"  style=\"\"><\/div><\/div><\/div><div class=\"row_col_wrap_12 col span_12 dark left\">\n\t<div  class=\"vc_col-sm-6 wpb_column column_container vc_column_container col has-animation no-extra-padding inherit_tablet inherit_phone\"  data-padding-pos=\"all\" data-has-bg-color=\"false\" data-bg-color=\"\" data-bg-opacity=\"1\" data-animation=\"fade-in-from-bottom\" data-delay=\"0\" >\n\t\t<div class=\"vc_column-inner\" >\n\t\t\t<div class=\"wpb_wrapper\">\n\t\t\t\t<div class=\"nectar-split-heading\" data-align=\"default\" data-m-align=\"inherit\" data-text-effect=\"default\" data-animation-type=\"line-reveal-by-space\" data-animation-delay=\"0\" data-animation-offset=\"\" data-m-rm-animation=\"\" data-stagger=\"\" data-custom-font-size=\"false\" ><h3 >Foresight<\/h3><\/div><div class=\"nectar-hor-list-item\" data-hover-effect=\"none\" data-br=\"0px\" data-font-family=\"p\" data-color=\"accent-color\" data-columns=\"2\" data-column-layout=\"large_first\"><div class=\"nectar-list-item\" data-icon=\"false\" data-text-align=\"left\">Full price<\/div><div class=\"nectar-list-item\" data-text-align=\"left\">15.000 Ft<\/div><\/div><div class=\"nectar-hor-list-item\" data-hover-effect=\"none\" data-br=\"0px\" data-font-family=\"p\" data-color=\"accent-color\" data-columns=\"2\" data-column-layout=\"large_first\"><div class=\"nectar-list-item\" data-icon=\"false\" data-text-align=\"left\">For members<\/div><div class=\"nectar-list-item\" data-text-align=\"left\">9.000 Ft<\/div><\/div><div class=\"divider-wrap\" data-alignment=\"default\"><div style=\"height: 60px;\" class=\"divider\"><\/div><\/div><div class=\"nectar-split-heading\" data-align=\"default\" data-m-align=\"inherit\" data-text-effect=\"default\" data-animation-type=\"line-reveal-by-space\" data-animation-delay=\"0\" data-animation-offset=\"\" data-m-rm-animation=\"\" data-stagger=\"\" data-custom-font-size=\"false\" ><h3 >Fullswing \/ E6<\/h3><\/div><div class=\"nectar-hor-list-item\" data-hover-effect=\"none\" data-br=\"0px\" data-font-family=\"p\" data-color=\"accent-color\" data-columns=\"2\" data-column-layout=\"large_first\"><div class=\"nectar-list-item\" data-icon=\"false\" data-text-align=\"left\">Full price<\/div><div class=\"nectar-list-item\" data-text-align=\"left\">15.000 Ft<\/div><\/div><div class=\"nectar-hor-list-item\" data-hover-effect=\"none\" data-br=\"0px\" data-font-family=\"p\" data-color=\"accent-color\" data-columns=\"2\" data-column-layout=\"large_first\"><div class=\"nectar-list-item\" data-icon=\"false\" data-text-align=\"left\">For members<\/div><div class=\"nectar-list-item\" data-text-align=\"left\">9.000 Ft<\/div><\/div><div class=\"divider-wrap\" data-alignment=\"default\"><div style=\"height: 60px;\" class=\"divider\"><\/div><\/div><div class=\"nectar-split-heading\" data-align=\"default\" data-m-align=\"inherit\" data-text-effect=\"default\" data-animation-type=\"line-reveal-by-space\" data-animation-delay=\"0\" data-animation-offset=\"\" data-m-rm-animation=\"\" data-stagger=\"\" data-custom-font-size=\"false\" ><h3 >Tee Mat<\/h3><\/div><div class=\"nectar-hor-list-item\" data-hover-effect=\"none\" data-br=\"0px\" data-font-family=\"p\" data-color=\"accent-color\" data-columns=\"2\" data-column-layout=\"large_first\"><div class=\"nectar-list-item\" data-icon=\"false\" data-text-align=\"left\">Full price<\/div><div class=\"nectar-list-item\" data-text-align=\"left\">6.000 Ft<\/div><\/div><div class=\"nectar-hor-list-item\" data-hover-effect=\"none\" data-br=\"0px\" data-font-family=\"p\" data-color=\"accent-color\" data-columns=\"2\" data-column-layout=\"large_first\"><div class=\"nectar-list-item\" data-icon=\"false\" data-text-align=\"left\">For members<\/div><div class=\"nectar-list-item\" data-text-align=\"left\">4.000 Ft<\/div><\/div>\n\t\t\t<\/div> \n\t\t<\/div>\n\t<\/div> \n\n\t<div  class=\"vc_col-sm-6 wpb_column column_container vc_column_container col no-extra-padding inherit_tablet inherit_phone\"  data-padding-pos=\"all\" data-has-bg-color=\"false\" data-bg-color=\"\" data-bg-opacity=\"1\" data-animation=\"\" data-delay=\"0\" >\n\t\t<div class=\"vc_column-inner\" >\n\t\t\t<div class=\"wpb_wrapper\">\n\t\t\t\t<div class=\"nectar-split-heading\" data-align=\"default\" data-m-align=\"inherit\" data-text-effect=\"default\" data-animation-type=\"line-reveal-by-space\" data-animation-delay=\"0\" data-animation-offset=\"\" data-m-rm-animation=\"\" data-stagger=\"\" data-custom-font-size=\"false\" ><h3 >Club membership<\/h3><\/div><div class=\"nectar-hor-list-item\" data-hover-effect=\"none\" data-br=\"0px\" data-font-family=\"p\" data-color=\"accent-color\" data-columns=\"2\" data-column-layout=\"large_first\"><div class=\"nectar-list-item\" data-icon=\"false\" data-text-align=\"left\">Monthly<\/div><div class=\"nectar-list-item\" data-text-align=\"left\">25.000 Ft<\/div><\/div><div class=\"nectar-hor-list-item\" data-hover-effect=\"none\" data-br=\"0px\" data-font-family=\"p\" data-color=\"accent-color\" data-columns=\"2\" data-column-layout=\"large_first\"><div class=\"nectar-list-item\" data-icon=\"false\" data-text-align=\"left\">Season<\/div><div class=\"nectar-list-item\" data-text-align=\"left\">60.000 Ft<\/div><\/div><div class=\"nectar-hor-list-item\" data-hover-effect=\"none\" data-br=\"0px\" data-font-family=\"p\" data-color=\"accent-color\" data-columns=\"2\" data-column-layout=\"large_first\"><div class=\"nectar-list-item\" data-icon=\"false\" data-text-align=\"left\">Annual<\/div><div class=\"nectar-list-item\" data-text-align=\"left\">100.000 Ft<\/div><\/div><div class=\"divider-wrap\" data-alignment=\"default\"><div style=\"height: 60px;\" class=\"divider\"><\/div><\/div><div class=\"nectar-split-heading\" data-align=\"default\" data-m-align=\"inherit\" data-text-effect=\"default\" data-animation-type=\"line-reveal-by-space\" data-animation-delay=\"0\" data-animation-offset=\"\" data-m-rm-animation=\"\" data-stagger=\"\" data-custom-font-size=\"false\" ><h3 >Junior tags\u00e1g<\/h3><\/div><div class=\"nectar-hor-list-item\" data-hover-effect=\"none\" data-br=\"0px\" data-font-family=\"p\" data-color=\"accent-color\" data-columns=\"2\" data-column-layout=\"large_first\"><div class=\"nectar-list-item\" data-icon=\"false\" data-text-align=\"left\">Monthly (junior)<\/div><div class=\"nectar-list-item\" data-text-align=\"left\">17.500 Ft<\/div><\/div><div class=\"nectar-hor-list-item\" data-hover-effect=\"none\" data-br=\"0px\" data-font-family=\"p\" data-color=\"accent-color\" data-columns=\"2\" data-column-layout=\"large_first\"><div class=\"nectar-list-item\" data-icon=\"false\" data-text-align=\"left\">Season (junior)<\/div><div class=\"nectar-list-item\" data-text-align=\"left\">42.000 Ft<\/div><\/div><div class=\"nectar-hor-list-item\" data-hover-effect=\"none\" data-br=\"0px\" data-font-family=\"p\" data-color=\"accent-color\" data-columns=\"2\" data-column-layout=\"large_first\"><div class=\"nectar-list-item\" data-icon=\"false\" data-text-align=\"left\">Annual<\/div><div class=\"nectar-list-item\" data-text-align=\"left\">70.000 Ft<\/div><\/div>\n\t\t\t<\/div> \n\t\t<\/div>\n\t<\/div> \n<\/div><\/div>","protected":false},"excerpt":{"rendered":"FOGLAL\u00c1SI RENDSZER A szimul\u00e1torok b\u00e9rl\u00e9se: 1 \u00f3ra \/ 15.000 Ft\/ szimul\u00e1tor Nyitvatart\u00e1sH\u00e9tf\u0151 \u2013 Vas\u00e1rnap \u2013 9:00-21:00Online foglal\u00e1sA v\u00e1lt\u00f3cip\u0151 haszn\u00e1lata k\u00f6telez\u0151! ForesightTeljes \u00e1r15.000 FtTagoknak9.000 FtFullswing \/ E6Teljes \u00e1r15.000 FtTagoknak9.000 FtEl\u00fct\u0151 sz\u0151nyegTeljes...","protected":false},"author":2,"featured_media":0,"parent":0,"menu_order":0,"comment_status":"closed","ping_status":"closed","template":"","meta":{"inline_featured_image":false,"footnotes":""},"class_list":["post-30","page","type-page","status-publish"],"_links":{"self":[{"href":"https:\/\/elitesportclub.hu\/en\/wp-json\/wp\/v2\/pages\/30","targetHints":{"allow":["GET"]}}],"collection":[{"href":"https:\/\/elitesportclub.hu\/en\/wp-json\/wp\/v2\/pages"}],"about":[{"href":"https:\/\/elitesportclub.hu\/en\/wp-json\/wp\/v2\/types\/page"}],"author":[{"embeddable":true,"href":"https:\/\/elitesportclub.hu\/en\/wp-json\/wp\/v2\/users\/2"}],"replies":[{"embeddable":true,"href":"https:\/\/elitesportclub.hu\/en\/wp-json\/wp\/v2\/comments?post=30"}],"version-history":[{"count":34,"href":"https:\/\/elitesportclub.hu\/en\/wp-json\/wp\/v2\/pages\/30\/revisions"}],"predecessor-version":[{"id":384,"href":"https:\/\/elitesportclub.hu\/en\/wp-json\/wp\/v2\/pages\/30\/revisions\/384"}],"wp:attachment":[{"href":"https:\/\/elitesportclub.hu\/en\/wp-json\/wp\/v2\/media?parent=30"}],"curies":[{"name":"wp","href":"https:\/\/api.w.org\/{rel}","templated":true}]}}