{"id":32,"date":"2022-06-26T13:53:09","date_gmt":"2022-06-26T13:53:09","guid":{"rendered":"http:\/\/elitesportclub.hu\/?page_id=32"},"modified":"2025-12-26T22:27:07","modified_gmt":"2025-12-26T21:27:07","slug":"kapcsolat","status":"publish","type":"page","link":"https:\/\/elitesportclub.hu\/en\/kapcsolat\/","title":{"rendered":"Contact"},"content":{"rendered":"<div id=\"fws_69e1227d0021d\"  data-column-margin=\"default\" data-midnight=\"light\"  class=\"wpb_row vc_row-fluid vc_row full-width-content vc_row-o-equal-height vc_row-flex vc_row-o-content-middle\"  style=\"padding-top: 0px; padding-bottom: 0px; \"><div class=\"row-bg-wrap\" data-bg-animation=\"none\" data-bg-animation-delay=\"\" data-bg-overlay=\"false\"><div class=\"inner-wrap row-bg-layer\" ><div class=\"row-bg viewport-desktop using-bg-color\"  style=\"background-color: #495057; \"><\/div><\/div><\/div><div class=\"row_col_wrap_12 col span_12 light left\">\n\t<div style=\"\" class=\"vc_col-sm-6 wpb_column column_container vc_column_container col padding-5-percent top_margin_phone_5pct bottom_margin_phone_5pct inherit_tablet inherit_phone\" data-using-bg=\"true\" data-overlay-color=\"true\" data-padding-pos=\"all\" data-has-bg-color=\"false\" data-bg-color=\"\" data-bg-opacity=\"1\" data-animation=\"\" data-delay=\"0\" >\n\t\t<div class=\"vc_column-inner\" ><div class=\"column-image-bg-wrap column-bg-layer viewport-desktop\" data-bg-pos=\"center center\" data-bg-animation=\"none\" data-bg-overlay=\"true\"><div class=\"inner-wrap\"><div class=\"column-image-bg\" style=\" background-image: url('https:\/\/elitesportclub.hu\/wp-content\/uploads\/2022\/06\/BW7A1653.jpg'); \"><\/div><\/div><\/div><div class=\"column-bg-overlay-wrap column-bg-layer\" data-bg-animation=\"none\"><div class=\"column-bg-overlay\"><\/div><div class=\"column-overlay-layer\" style=\"background-color:#495057;  opacity: 0.8; \"><\/div><\/div>\n\t\t\t<div class=\"wpb_wrapper\">\n\t\t\t\t<div id=\"fws_69e1227d00fdd\" data-midnight=\"\" data-column-margin=\"default\" class=\"wpb_row vc_row-fluid vc_row inner_row\"  style=\"\"><div class=\"row-bg-wrap\"> <div class=\"row-bg\" ><\/div> <\/div><div class=\"row_col_wrap_12_inner col span_12  left\">\n\t<div  class=\"vc_col-sm-12 wpb_column column_container vc_column_container col child_column has-animation no-extra-padding inherit_tablet inherit_phone\"   data-padding-pos=\"all\" data-has-bg-color=\"false\" data-bg-color=\"\" data-bg-opacity=\"1\" data-animation=\"fade-in-from-bottom\" data-delay=\"0\" >\n\t\t<div class=\"vc_column-inner\" >\n\t\t<div class=\"wpb_wrapper\">\n\t\t\t<h6 style=\"color: #eccf8b;text-align: left\" class=\"vc_custom_heading vc_do_custom_heading vc_custom_1656846010142\" >CONTACT<\/h6>\n\t\t<\/div> \n\t<\/div>\n\t<\/div> \n<\/div><\/div><div id=\"fws_69e1227d01ada\" data-midnight=\"\" data-column-margin=\"default\" class=\"wpb_row vc_row-fluid vc_row inner_row\"  style=\"\"><div class=\"row-bg-wrap\"> <div class=\"row-bg\" ><\/div> <\/div><div class=\"row_col_wrap_12_inner col span_12  left\">\n\t<div  class=\"vc_col-sm-12 wpb_column column_container vc_column_container col child_column has-animation no-extra-padding inherit_tablet inherit_phone\"   data-padding-pos=\"all\" data-has-bg-color=\"false\" data-bg-color=\"\" data-bg-opacity=\"1\" data-animation=\"fade-in-from-bottom\" data-delay=\"100\" >\n\t\t<div class=\"vc_column-inner\" >\n\t\t<div class=\"wpb_wrapper\">\n\t\t\t<h1 style=\"text-align: left\" class=\"vc_custom_heading vc_do_custom_heading\" >Contact details<\/h1>\n\t\t<\/div> \n\t<\/div>\n\t<\/div> \n<\/div><\/div><div class=\"divider-wrap\" data-alignment=\"default\"><div style=\"height: 60px;\" class=\"divider\"><\/div><\/div><div class=\"nectar-icon-list\" data-icon-color=\"accent-color\" data-icon-style=\"border\" data-columns=\"3\" data-direction=\"vertical\" data-icon-size=\"medium\" data-animate=\"\"><div class=\"nectar-icon-list-item\"><div class=\"list-icon-holder\" data-icon_type=\"icon\"><span class=\"im-icon-wrap\" data-color=\"accent-color\"><span><svg role=\"presentation\" version=\"1.1\" xmlns=\"http:\/\/www.w3.org\/2000\/svg\" width=\"32\" height=\"32\" viewbox=\"0 0 32 32\">\r\n        <path d=\"M28.667 28h-25.333c-1.837 0-3.333-1.496-3.333-3.333v-17.333c0-1.837 1.496-3.333 3.333-3.333h25.333c1.837 0 3.333 1.496 3.333 3.333v17.333c0 1.837-1.496 3.333-3.333 3.333zM3.333 5.333c-1.103 0-2 0.897-2 2v17.333c0 1.103 0.897 2 2 2h25.333c1.103 0 2-0.897 2-2v-17.333c0-1.103-0.897-2-2-2h-25.333zM16 20.040c-1.352 0-2.616-0.567-3.56-1.591l-11.408-12.473c-0.248-0.272-0.229-0.693 0.043-0.943 0.271-0.248 0.693-0.229 0.943 0.043l11.407 12.472c1.373 1.493 3.779 1.495 5.155-0.001l11.349-12.417c0.251-0.273 0.671-0.289 0.943-0.043 0.273 0.249 0.292 0.669 0.044 0.943l-11.352 12.417c-0.947 1.027-2.211 1.593-3.563 1.593zM1.491 27.177c-0.18 0-0.361-0.073-0.492-0.217-0.249-0.272-0.229-0.695 0.043-0.943l10.443-9.536c0.272-0.248 0.695-0.231 0.943 0.043 0.249 0.272 0.229 0.695-0.043 0.941l-10.443 9.536c-0.129 0.117-0.291 0.176-0.451 0.176zM30.456 27.123c-0.161 0-0.32-0.057-0.449-0.175l-10.388-9.481c-0.272-0.248-0.292-0.669-0.043-0.941 0.251-0.273 0.672-0.292 0.943-0.043l10.388 9.481c0.271 0.251 0.292 0.671 0.041 0.941-0.133 0.144-0.312 0.217-0.492 0.217z\"><\/path>\r\n        <\/svg><\/span><\/span><\/div><div class=\"content\"><h4>E-mail<\/h4><a href=\"mailto:info@elitesc.hu\">info@elitesc.hu<\/a><\/div><\/div><div class=\"nectar-icon-list-item\"><div class=\"list-icon-holder\" data-icon_type=\"icon\"><span class=\"im-icon-wrap\" data-color=\"accent-color\"><span><svg role=\"presentation\" version=\"1.1\" xmlns=\"http:\/\/www.w3.org\/2000\/svg\" width=\"32\" height=\"32\" viewbox=\"0 0 32 32\">\r\n        <path d=\"M22.667 32h-13.333c-1.471 0-2.667-1.195-2.667-2.667v-26.667c0-1.472 1.196-2.667 2.667-2.667h13.333c1.472 0 2.667 1.195 2.667 2.667v26.667c0 1.472-1.195 2.667-2.667 2.667zM9.333 1.333c-0.735 0-1.333 0.599-1.333 1.333v26.667c0 0.735 0.599 1.333 1.333 1.333h13.333c0.735 0 1.333-0.599 1.333-1.333v-26.667c0-0.735-0.599-1.333-1.333-1.333h-13.333zM24 6.667h-16c-0.368 0-0.667-0.299-0.667-0.667s0.299-0.667 0.667-0.667h16c0.367 0 0.667 0.299 0.667 0.667s-0.3 0.667-0.667 0.667zM16 4c-0.173 0-0.347-0.067-0.467-0.2-0.133-0.12-0.2-0.293-0.2-0.467s0.067-0.347 0.2-0.467c0.24-0.253 0.693-0.253 0.933 0 0.133 0.119 0.2 0.293 0.2 0.467s-0.067 0.347-0.2 0.467c-0.12 0.133-0.293 0.2-0.467 0.2zM17.333 29.333h-2.667c-0.368 0-0.667-0.3-0.667-0.667s0.299-0.667 0.667-0.667h2.667c0.367 0 0.667 0.3 0.667 0.667s-0.3 0.667-0.667 0.667zM24 26.667h-16c-0.368 0-0.667-0.3-0.667-0.667s0.299-0.667 0.667-0.667h16c0.367 0 0.667 0.3 0.667 0.667s-0.3 0.667-0.667 0.667z\"><\/path>\r\n        <\/svg><\/span><\/span><\/div><div class=\"content\"><h4>Phone<\/h4><a href=\"tel:+36306031211\">+36 30 603 1211<\/a><\/div><\/div><\/div><div class=\"divider-wrap\" data-alignment=\"default\"><div style=\"height: 60px;\" class=\"divider\"><\/div><\/div><div class=\"nectar-cta  alignment_tablet_default alignment_phone_default display_tablet_inherit display_phone_inherit\" data-style=\"material\" data-alignment=\"left\" data-display=\"block\" data-text-color=\"custom\" ><h6> <span class=\"text\"> <\/span><span class=\"link_wrap\"  style=\"color: #eccf8b;\"><a  class=\"link_text\" role=\"button\" href=\"http:\/\/elitesportclub.hu\/en\/foglalas\/\">Online Booking<span class=\"circle\"  style=\"background-color: #eccf8b;\"><\/span><span class=\"arrow\"><\/span><\/a><\/span><\/h6><\/div>\n\t\t\t<\/div> \n\t\t<\/div>\n\t<\/div> \n\n\t<div  class=\"vc_col-sm-6 wpb_column column_container vc_column_container col has-animation padding-5-percent inherit_tablet inherit_phone\"  data-padding-pos=\"all\" data-has-bg-color=\"false\" data-bg-color=\"\" data-bg-opacity=\"1\" data-animation=\"fade-in-from-left\" data-delay=\"300\" >\n\t\t<div class=\"vc_column-inner\" >\n\t\t\t<div class=\"wpb_wrapper\">\n\t\t\t\t\r\n<div class=\"wpb_text_column wpb_content_element\" >\r\n\t<div class=\"wpb_wrapper\">\r\n\t\t\n<div class=\"wpcf7 no-js\" id=\"wpcf7-f59-o1\" lang=\"hu-HU\" dir=\"ltr\" data-wpcf7-id=\"59\">\n<div class=\"screen-reader-response\"><p role=\"status\" aria-live=\"polite\" aria-atomic=\"true\"><\/p> <ul><\/ul><\/div>\n<form action=\"\/en\/wp-json\/wp\/v2\/pages\/32#wpcf7-f59-o1\" method=\"post\" class=\"wpcf7-form init\" aria-label=\"Kapcsolatfelv\u00e9teli \u0171rlap\" novalidate=\"novalidate\" data-status=\"init\" data-trp-original-action=\"\/en\/wp-json\/wp\/v2\/pages\/32#wpcf7-f59-o1\">\n<fieldset class=\"hidden-fields-container\"><input type=\"hidden\" name=\"_wpcf7\" value=\"59\" \/><input type=\"hidden\" name=\"_wpcf7_version\" value=\"6.1\" \/><input type=\"hidden\" name=\"_wpcf7_locale\" value=\"hu_HU\" \/><input type=\"hidden\" name=\"_wpcf7_unit_tag\" value=\"wpcf7-f59-o1\" \/><input type=\"hidden\" name=\"_wpcf7_container_post\" value=\"0\" \/><input type=\"hidden\" name=\"_wpcf7_posted_data_hash\" value=\"\" \/>\n<\/fieldset>\n<p><label> Name<br \/>\n<span class=\"wpcf7-form-control-wrap\" data-name=\"your-name\"><input size=\"40\" maxlength=\"400\" class=\"wpcf7-form-control wpcf7-text wpcf7-validates-as-required\" aria-required=\"true\" aria-invalid=\"false\" value=\"\" type=\"text\" name=\"your-name\" \/><\/span> <\/label>\n<\/p>\n<p><label> E-Mail<br \/>\n<span class=\"wpcf7-form-control-wrap\" data-name=\"your-email\"><input size=\"40\" maxlength=\"400\" class=\"wpcf7-form-control wpcf7-email wpcf7-validates-as-required wpcf7-text wpcf7-validates-as-email\" aria-required=\"true\" aria-invalid=\"false\" value=\"\" type=\"email\" name=\"your-email\" \/><\/span> <\/label>\n<\/p>\n<p><label> Subject<br \/>\n<span class=\"wpcf7-form-control-wrap\" data-name=\"your-subject\"><input size=\"40\" maxlength=\"400\" class=\"wpcf7-form-control wpcf7-text wpcf7-validates-as-required\" aria-required=\"true\" aria-invalid=\"false\" value=\"\" type=\"text\" name=\"your-subject\" \/><\/span> <\/label>\n<\/p>\n<p><label> Message<br \/>\n<span class=\"wpcf7-form-control-wrap\" data-name=\"your-message\"><textarea cols=\"40\" rows=\"10\" maxlength=\"2000\" class=\"wpcf7-form-control wpcf7-textarea\" aria-invalid=\"false\" name=\"your-message\"><\/textarea><\/span> <\/label>\n<\/p>\n<p><input class=\"wpcf7-form-control wpcf7-submit has-spinner\" type=\"submit\" value=\"Send\" \/>\n<\/p><div class=\"wpcf7-response-output\" aria-hidden=\"true\"><\/div>\n<input type=\"hidden\" name=\"trp-form-language\" value=\"en\"\/><\/form>\n<\/div>\n\n\t<\/div>\r\n<\/div>\r\n\r\n\r\n\r\n\n\t\t\t<\/div> \n\t\t<\/div>\n\t<\/div> \n<\/div><\/div>","protected":false},"excerpt":{"rendered":"KAPCSOLAT El\u00e9rhet\u0151s\u00e9gek: E-mailinfo@elitesc.hu Telefon+36 30 603 1211 Online foglal\u00e1s N\u00e9v E-mail c\u00edm T\u00e1rgy \u00dczenet (nem k\u00f6telez\u0151)","protected":false},"author":2,"featured_media":0,"parent":0,"menu_order":0,"comment_status":"closed","ping_status":"closed","template":"","meta":{"inline_featured_image":false,"footnotes":""},"class_list":["post-32","page","type-page","status-publish"],"_links":{"self":[{"href":"https:\/\/elitesportclub.hu\/en\/wp-json\/wp\/v2\/pages\/32","targetHints":{"allow":["GET"]}}],"collection":[{"href":"https:\/\/elitesportclub.hu\/en\/wp-json\/wp\/v2\/pages"}],"about":[{"href":"https:\/\/elitesportclub.hu\/en\/wp-json\/wp\/v2\/types\/page"}],"author":[{"embeddable":true,"href":"https:\/\/elitesportclub.hu\/en\/wp-json\/wp\/v2\/users\/2"}],"replies":[{"embeddable":true,"href":"https:\/\/elitesportclub.hu\/en\/wp-json\/wp\/v2\/comments?post=32"}],"version-history":[{"count":14,"href":"https:\/\/elitesportclub.hu\/en\/wp-json\/wp\/v2\/pages\/32\/revisions"}],"predecessor-version":[{"id":352,"href":"https:\/\/elitesportclub.hu\/en\/wp-json\/wp\/v2\/pages\/32\/revisions\/352"}],"wp:attachment":[{"href":"https:\/\/elitesportclub.hu\/en\/wp-json\/wp\/v2\/media?parent=32"}],"curies":[{"name":"wp","href":"https:\/\/api.w.org\/{rel}","templated":true}]}}